{"id":503388,"date":"2024-03-14T10:35:02","date_gmt":"2024-03-14T10:35:02","guid":{"rendered":"https:\/\/clone.salutianuts.com\/?post_type=product&#038;p=503388"},"modified":"2026-04-19T07:00:57","modified_gmt":"2026-04-19T07:00:57","slug":"pipa-calabaza-tostada-cascara-sal-125-gr","status":"publish","type":"product","link":"https:\/\/fruitssecstorra.com\/shop\/es\/producte\/pipa-calabaza-tostada-cascara-sal-125-gr\/","title":{"rendered":"Pipa calabaza tostada c\u00e1scara sal 125 gr."},"content":{"rendered":"<p>Pipa de calabaza con caparaz\u00f3n variedad snow white, grado AA de m\u00e1xima calidad, tostada y salada.<\/p>\n<p><strong>Ingredientes: <\/strong>pipa calabaza c\u00e1scara, almid\u00f3n ma\u00edz y sal.<br \/>\n<strong>Uso:<\/strong> aperitivos y picar entre horas.<br \/>\n<strong>Conservaci\u00f3n:<\/strong> Invierno (lugar seco, lejos de la luz solar), Verano (fresco o refrigerado y seco, lejos de la luz solar).<br \/>\nUna vez abierto mantener bien cerrado y consumir preferentemente en una semana.<\/p>\n","protected":false},"excerpt":{"rendered":"<p class=\"p1\"><span class=\"s1\">Pipa de calabaza con caparaz\u00f3n variedad snow white, grado AA de m\u00e1xima calidad, tostada y salada.<\/span><\/p>\n","protected":false},"featured_media":13551,"template":"","meta":[],"product_brand":[],"product_cat":[484,481],"product_tag":[],"class_list":{"0":"post-503388","1":"product","2":"type-product","3":"status-publish","4":"has-post-thumbnail","6":"product_cat-125-gr-100-gr-es-6","7":"product_cat-salados-aperitivos","9":"first","10":"instock","11":"shipping-taxable","12":"purchasable","13":"product-type-simple","14":"layout-style-2","15":"col-md-4 col-sm-4 col-xs-6","16":"col-lg-3","17":"product-style-quickview"},"_links":{"self":[{"href":"https:\/\/fruitssecstorra.com\/shop\/es\/wp-json\/wp\/v2\/product\/503388","targetHints":{"allow":["GET"]}}],"collection":[{"href":"https:\/\/fruitssecstorra.com\/shop\/es\/wp-json\/wp\/v2\/product"}],"about":[{"href":"https:\/\/fruitssecstorra.com\/shop\/es\/wp-json\/wp\/v2\/types\/product"}],"wp:featuredmedia":[{"embeddable":true,"href":"https:\/\/fruitssecstorra.com\/shop\/es\/wp-json\/wp\/v2\/media\/13551"}],"wp:attachment":[{"href":"https:\/\/fruitssecstorra.com\/shop\/es\/wp-json\/wp\/v2\/media?parent=503388"}],"wp:term":[{"taxonomy":"product_brand","embeddable":true,"href":"https:\/\/fruitssecstorra.com\/shop\/es\/wp-json\/wp\/v2\/product_brand?post=503388"},{"taxonomy":"product_cat","embeddable":true,"href":"https:\/\/fruitssecstorra.com\/shop\/es\/wp-json\/wp\/v2\/product_cat?post=503388"},{"taxonomy":"product_tag","embeddable":true,"href":"https:\/\/fruitssecstorra.com\/shop\/es\/wp-json\/wp\/v2\/product_tag?post=503388"}],"curies":[{"name":"wp","href":"https:\/\/api.w.org\/{rel}","templated":true}]}}