{"id":503400,"date":"2024-03-14T10:34:53","date_gmt":"2024-03-14T10:34:53","guid":{"rendered":"https:\/\/clone.salutianuts.com\/?post_type=product&#038;p=503400"},"modified":"2026-04-24T17:39:30","modified_gmt":"2026-04-24T17:39:30","slug":"pipa-girasol-tostada-cascara-250-gr","status":"publish","type":"product","link":"https:\/\/fruitssecstorra.com\/shop\/es\/producte\/pipa-girasol-tostada-cascara-250-gr\/","title":{"rendered":"Pipa girasol tostada c\u00e1scara 250 gr"},"content":{"rendered":"<p>Pipa girasol tostada c\u00e1scara. Tostada de forma artesanal, sin m\u00e1s ingredientes a\u00f1adidos.<\/p>\n<p><strong>Ingredientes:<\/strong>pipa c\u00e1scara en grano, y aguasal.<br \/>\n<strong>Uso:<\/strong> picar entre horas.<br \/>\n<strong>Conservaci\u00f3n:<\/strong> Invierno (lugar seco, lejos de la luz solar), Verano (fresco o refrigerado y seco, lejos de la luz solar).<br \/>\nUna vez abierto, mantener bien cerrado y consumir preferentemente en una semana.<\/p>\n","protected":false},"excerpt":{"rendered":"<p class=\"p1\"><span class=\"s1\">Pipa girasol tostada c\u00e1scara. Tostada de forma artesanal, sin m\u00e1s ingredientes a\u00f1adidos.<\/span><\/p>\n","protected":false},"featured_media":13615,"template":"","meta":[],"product_brand":[],"product_cat":[495,489],"product_tag":[],"class_list":{"0":"post-503400","1":"product","2":"type-product","3":"status-publish","4":"has-post-thumbnail","6":"product_cat-500-gr-es-5","7":"product_cat-tostados","9":"first","10":"instock","11":"shipping-taxable","12":"product-type-simple","13":"layout-style-2","14":"col-md-4 col-sm-4 col-xs-6","15":"col-lg-3","16":"product-style-quickview"},"_links":{"self":[{"href":"https:\/\/fruitssecstorra.com\/shop\/es\/wp-json\/wp\/v2\/product\/503400","targetHints":{"allow":["GET"]}}],"collection":[{"href":"https:\/\/fruitssecstorra.com\/shop\/es\/wp-json\/wp\/v2\/product"}],"about":[{"href":"https:\/\/fruitssecstorra.com\/shop\/es\/wp-json\/wp\/v2\/types\/product"}],"wp:featuredmedia":[{"embeddable":true,"href":"https:\/\/fruitssecstorra.com\/shop\/es\/wp-json\/wp\/v2\/media\/13615"}],"wp:attachment":[{"href":"https:\/\/fruitssecstorra.com\/shop\/es\/wp-json\/wp\/v2\/media?parent=503400"}],"wp:term":[{"taxonomy":"product_brand","embeddable":true,"href":"https:\/\/fruitssecstorra.com\/shop\/es\/wp-json\/wp\/v2\/product_brand?post=503400"},{"taxonomy":"product_cat","embeddable":true,"href":"https:\/\/fruitssecstorra.com\/shop\/es\/wp-json\/wp\/v2\/product_cat?post=503400"},{"taxonomy":"product_tag","embeddable":true,"href":"https:\/\/fruitssecstorra.com\/shop\/es\/wp-json\/wp\/v2\/product_tag?post=503400"}],"curies":[{"name":"wp","href":"https:\/\/api.w.org\/{rel}","templated":true}]}}