{"id":503459,"date":"2024-03-14T10:34:20","date_gmt":"2024-03-14T10:34:20","guid":{"rendered":"https:\/\/clone.salutianuts.com\/?post_type=product&#038;p=503459"},"modified":"2026-04-26T17:46:19","modified_gmt":"2026-04-26T17:46:19","slug":"nuez-cascara-pais-1-kg","status":"publish","type":"product","link":"https:\/\/fruitssecstorra.com\/shop\/es\/producte\/nuez-cascara-pais-1-kg\/","title":{"rendered":"Nueces c\u00e1scara pa\u00eds 1 kg"},"content":{"rendered":"<p>Nueces pa\u00eds en c\u00e1scara, variedad chandler o serr, calibre +34. Envasado en malla.<\/p>\n<p><strong>Ingredientes:<\/strong>nuez c\u00e1scara.<br \/>\n<strong>Uso:<\/strong> postre de music, picar entre horas, para postre, regalo para lotes de navidad.<br \/>\n<strong>Conservaci\u00f3n:<\/strong> Invierno (lugar seco, lejos de la luz solar), Verano (fresco o refrigerado y seco, lejos de la luz solar).<br \/>\nUna vez abierto, mantener bien cerrado y consumir preferentemente en una semana.<\/p>\n","protected":false},"excerpt":{"rendered":"<p class=\"p1\"><span class=\"s1\">Nueces pa\u00eds en c\u00e1scara, variedad chandler o serr, calibre +34. Envasado en malla.<\/span><\/p>\n","protected":false},"featured_media":13925,"template":"","meta":[],"product_brand":[],"product_cat":[453,451],"product_tag":[],"class_list":{"0":"post-503459","1":"product","2":"type-product","3":"status-publish","4":"has-post-thumbnail","6":"product_cat-1-kg-es-2","7":"product_cat-crudos","9":"first","10":"instock","11":"shipping-taxable","12":"purchasable","13":"product-type-simple","14":"layout-style-2","15":"col-md-4 col-sm-4 col-xs-6","16":"col-lg-3","17":"product-style-quickview"},"_links":{"self":[{"href":"https:\/\/fruitssecstorra.com\/shop\/es\/wp-json\/wp\/v2\/product\/503459","targetHints":{"allow":["GET"]}}],"collection":[{"href":"https:\/\/fruitssecstorra.com\/shop\/es\/wp-json\/wp\/v2\/product"}],"about":[{"href":"https:\/\/fruitssecstorra.com\/shop\/es\/wp-json\/wp\/v2\/types\/product"}],"wp:featuredmedia":[{"embeddable":true,"href":"https:\/\/fruitssecstorra.com\/shop\/es\/wp-json\/wp\/v2\/media\/13925"}],"wp:attachment":[{"href":"https:\/\/fruitssecstorra.com\/shop\/es\/wp-json\/wp\/v2\/media?parent=503459"}],"wp:term":[{"taxonomy":"product_brand","embeddable":true,"href":"https:\/\/fruitssecstorra.com\/shop\/es\/wp-json\/wp\/v2\/product_brand?post=503459"},{"taxonomy":"product_cat","embeddable":true,"href":"https:\/\/fruitssecstorra.com\/shop\/es\/wp-json\/wp\/v2\/product_cat?post=503459"},{"taxonomy":"product_tag","embeddable":true,"href":"https:\/\/fruitssecstorra.com\/shop\/es\/wp-json\/wp\/v2\/product_tag?post=503459"}],"curies":[{"name":"wp","href":"https:\/\/api.w.org\/{rel}","templated":true}]}}