{"id":503504,"date":"2024-03-14T10:33:55","date_gmt":"2024-03-14T10:33:55","guid":{"rendered":"https:\/\/clone.salutianuts.com\/?post_type=product&#038;p=503504"},"modified":"2026-04-25T15:32:56","modified_gmt":"2026-04-25T15:32:56","slug":"pipa-calabaza-tostada-sal-en-grano-1-kg","status":"publish","type":"product","link":"https:\/\/fruitssecstorra.com\/shop\/es\/producte\/pipa-calabaza-tostada-sal-en-grano-1-kg\/","title":{"rendered":"Pipa calabaza tostada c\u00e1scara sal 1 kg."},"content":{"rendered":"<p>Pipa de calabaza con c\u00e1scara variedad snowwhite, grado AA de m\u00e1xima calidad, tostada y salada.<\/p>\n<p><strong>Ingredientes:<\/strong>pipa calabaza c\u00e1scara, almid\u00f3n ma\u00edz y sal.<br \/>\n<strong>Uso:<\/strong> aperitivos y picar entre horas.<br \/>\n<strong>Conservaci\u00f3n:<\/strong> Invierno (lugar seco, lejos de la luz solar), Verano (fresco o refrigerado y seco, lejos de la luz solar).<br \/>\nUna vez abierto, mantener bien cerrado y consumir preferentemente en una semana.<\/p>\n","protected":false},"excerpt":{"rendered":"<p class=\"p1\"><span class=\"s1\">Pipa de calabaza con c\u00e1scara variedad snowwhite, grado AA de m\u00e1xima calidad, tostada y salada.<\/span><\/p>\n","protected":false},"featured_media":14166,"template":"","meta":[],"product_brand":[],"product_cat":[483,481],"product_tag":[],"class_list":{"0":"post-503504","1":"product","2":"type-product","3":"status-publish","4":"has-post-thumbnail","6":"product_cat-1-kg-es-6","7":"product_cat-salados-aperitivos","9":"first","10":"instock","11":"shipping-taxable","12":"purchasable","13":"product-type-simple","14":"layout-style-2","15":"col-md-4 col-sm-4 col-xs-6","16":"col-lg-3","17":"product-has-gallery","18":"product-style-quickview"},"_links":{"self":[{"href":"https:\/\/fruitssecstorra.com\/shop\/es\/wp-json\/wp\/v2\/product\/503504","targetHints":{"allow":["GET"]}}],"collection":[{"href":"https:\/\/fruitssecstorra.com\/shop\/es\/wp-json\/wp\/v2\/product"}],"about":[{"href":"https:\/\/fruitssecstorra.com\/shop\/es\/wp-json\/wp\/v2\/types\/product"}],"wp:featuredmedia":[{"embeddable":true,"href":"https:\/\/fruitssecstorra.com\/shop\/es\/wp-json\/wp\/v2\/media\/14166"}],"wp:attachment":[{"href":"https:\/\/fruitssecstorra.com\/shop\/es\/wp-json\/wp\/v2\/media?parent=503504"}],"wp:term":[{"taxonomy":"product_brand","embeddable":true,"href":"https:\/\/fruitssecstorra.com\/shop\/es\/wp-json\/wp\/v2\/product_brand?post=503504"},{"taxonomy":"product_cat","embeddable":true,"href":"https:\/\/fruitssecstorra.com\/shop\/es\/wp-json\/wp\/v2\/product_cat?post=503504"},{"taxonomy":"product_tag","embeddable":true,"href":"https:\/\/fruitssecstorra.com\/shop\/es\/wp-json\/wp\/v2\/product_tag?post=503504"}],"curies":[{"name":"wp","href":"https:\/\/api.w.org\/{rel}","templated":true}]}}