{"id":503522,"date":"2024-03-14T10:33:45","date_gmt":"2024-03-14T10:33:45","guid":{"rendered":"https:\/\/clone.salutianuts.com\/?post_type=product&#038;p=503522"},"modified":"2026-04-05T18:39:49","modified_gmt":"2026-04-05T18:39:49","slug":"https-fruitssecstorra-com-producto-xocolata-rallada-100-gr","status":"publish","type":"product","link":"https:\/\/fruitssecstorra.com\/shop\/es\/producte\/https-fruitssecstorra-com-producto-xocolata-rallada-100-gr\/","title":{"rendered":"Chocolate rallado 100 gr."},"content":{"rendered":"<p>Chocolate rallado puro, seleccionado y envasado.<\/p>\n<p><strong>Ingredientes: <\/strong>cacao desgranado en polvo, pasta y manteca de cacao, az\u00facar, recubrimiento E553b emulgente E322, y aroma.<br \/>\n<strong>Uso:<\/strong> elaboraci\u00f3n de pasteles y pastas secas, galletas, elaboraci\u00f3n en reposter\u00eda por ejemplo panellets, pasteler\u00edas y restaurantes.<br \/>\n<strong>Conservaci\u00f3n:<\/strong> Invierno (lugar seco, lejos de la luz solar), Verano (fresco o refrigerado y seco, lejos de la luz solar).<br \/>\nUna vez abierto, mantener muy cerrado y consumir preferentemente en una semana.<\/p>\n","protected":false},"excerpt":{"rendered":"<p class=\"p1\">Chocolate rallado puro, seleccionado y envasado.<\/p>\n","protected":false},"featured_media":14240,"template":"","meta":[],"product_brand":[],"product_cat":[477,473],"product_tag":[],"class_list":{"0":"post-503522","1":"product","2":"type-product","3":"status-publish","4":"has-post-thumbnail","6":"product_cat-125-gr-100-gr-es-5","7":"product_cat-recubierto-con-chocolate","9":"first","10":"instock","11":"shipping-taxable","12":"purchasable","13":"product-type-simple","14":"layout-style-2","15":"col-md-4 col-sm-4 col-xs-6","16":"col-lg-3","17":"product-style-quickview"},"_links":{"self":[{"href":"https:\/\/fruitssecstorra.com\/shop\/es\/wp-json\/wp\/v2\/product\/503522","targetHints":{"allow":["GET"]}}],"collection":[{"href":"https:\/\/fruitssecstorra.com\/shop\/es\/wp-json\/wp\/v2\/product"}],"about":[{"href":"https:\/\/fruitssecstorra.com\/shop\/es\/wp-json\/wp\/v2\/types\/product"}],"wp:featuredmedia":[{"embeddable":true,"href":"https:\/\/fruitssecstorra.com\/shop\/es\/wp-json\/wp\/v2\/media\/14240"}],"wp:attachment":[{"href":"https:\/\/fruitssecstorra.com\/shop\/es\/wp-json\/wp\/v2\/media?parent=503522"}],"wp:term":[{"taxonomy":"product_brand","embeddable":true,"href":"https:\/\/fruitssecstorra.com\/shop\/es\/wp-json\/wp\/v2\/product_brand?post=503522"},{"taxonomy":"product_cat","embeddable":true,"href":"https:\/\/fruitssecstorra.com\/shop\/es\/wp-json\/wp\/v2\/product_cat?post=503522"},{"taxonomy":"product_tag","embeddable":true,"href":"https:\/\/fruitssecstorra.com\/shop\/es\/wp-json\/wp\/v2\/product_tag?post=503522"}],"curies":[{"name":"wp","href":"https:\/\/api.w.org\/{rel}","templated":true}]}}