{"id":503525,"date":"2024-03-14T10:33:44","date_gmt":"2024-03-14T10:33:44","guid":{"rendered":"https:\/\/clone.salutianuts.com\/?post_type=product&#038;p=503525"},"modified":"2026-05-02T19:58:31","modified_gmt":"2026-05-02T19:58:31","slug":"pop-corn-125-gr","status":"publish","type":"product","link":"https:\/\/fruitssecstorra.com\/shop\/es\/producte\/pop-corn-125-gr\/","title":{"rendered":"Pop corn 125 gr."},"content":{"rendered":"<p>Ma\u00edz en grano m\u00e1xima expansi\u00f3n, seleccionado y envasado.<\/p>\n<p><strong>Ingredientes:<\/strong>Ma\u00edz en grano.<br \/>\n<strong>Uso: <\/strong> <span class=\"hiddenGrammarError\">aperitivos<\/span> y para picar en familia.<br \/>\n<strong>Conservaci\u00f3n:<\/strong> Invierno (lugar seco, lejos de la luz solar), Verano (fresco o refrigerado y seco, lejos de la luz solar).<br \/>\nUna vez abierto, mantener muy cerrado y consumir preferentemente en una semana.<\/p>\n","protected":false},"excerpt":{"rendered":"<p class=\"p1\"><span class=\"s1\">Ma\u00edz en grano m\u00e1xima expansi\u00f3n, seleccionado y envasado.<\/span><\/p>\n","protected":false},"featured_media":14258,"template":"","meta":[],"product_brand":[],"product_cat":[455,451],"product_tag":[],"class_list":{"0":"post-503525","1":"product","2":"type-product","3":"status-publish","4":"has-post-thumbnail","6":"product_cat-125-gr-100-gr-es-2","7":"product_cat-crudos","9":"first","10":"instock","11":"shipping-taxable","12":"purchasable","13":"product-type-simple","14":"layout-style-2","15":"col-md-4 col-sm-4 col-xs-6","16":"col-lg-3","17":"product-style-quickview"},"_links":{"self":[{"href":"https:\/\/fruitssecstorra.com\/shop\/es\/wp-json\/wp\/v2\/product\/503525","targetHints":{"allow":["GET"]}}],"collection":[{"href":"https:\/\/fruitssecstorra.com\/shop\/es\/wp-json\/wp\/v2\/product"}],"about":[{"href":"https:\/\/fruitssecstorra.com\/shop\/es\/wp-json\/wp\/v2\/types\/product"}],"wp:featuredmedia":[{"embeddable":true,"href":"https:\/\/fruitssecstorra.com\/shop\/es\/wp-json\/wp\/v2\/media\/14258"}],"wp:attachment":[{"href":"https:\/\/fruitssecstorra.com\/shop\/es\/wp-json\/wp\/v2\/media?parent=503525"}],"wp:term":[{"taxonomy":"product_brand","embeddable":true,"href":"https:\/\/fruitssecstorra.com\/shop\/es\/wp-json\/wp\/v2\/product_brand?post=503525"},{"taxonomy":"product_cat","embeddable":true,"href":"https:\/\/fruitssecstorra.com\/shop\/es\/wp-json\/wp\/v2\/product_cat?post=503525"},{"taxonomy":"product_tag","embeddable":true,"href":"https:\/\/fruitssecstorra.com\/shop\/es\/wp-json\/wp\/v2\/product_tag?post=503525"}],"curies":[{"name":"wp","href":"https:\/\/api.w.org\/{rel}","templated":true}]}}