{"id":503531,"date":"2024-03-14T10:33:40","date_gmt":"2024-03-14T10:33:40","guid":{"rendered":"https:\/\/clone.salutianuts.com\/?post_type=product&#038;p=503531"},"modified":"2026-04-06T16:28:39","modified_gmt":"2026-04-06T16:28:39","slug":"pinon-chino-1-kg","status":"publish","type":"product","link":"https:\/\/fruitssecstorra.com\/shop\/es\/producte\/pinon-chino-1-kg\/","title":{"rendered":"Pi\u00f1\u00f3n chino 1 kg."},"content":{"rendered":"<p>Pi\u00f1\u00f3n de China categor\u00eda y tama\u00f1o 650\/700 elegido, seleccionado y envasado.<\/p>\n<p><strong>Ingredientes: <\/strong>pi\u00f1\u00f3n en grano.<br \/>\n<strong>Uso:<\/strong> picar saludablemente, para cocinar, reposter\u00eda, adecuado en dietas deportivas y naturales y para pasteler\u00eda.<br \/>\n<strong>Conservaci\u00f3n:<\/strong> Invierno (lugar seco, lejos de la luz solar), Verano (fresco o refrigerado y seco, lejos de la luz solar).<br \/>\nUna vez abierto, mantener muy cerrado y consumir preferentemente en una semana.<\/p>\n","protected":false},"excerpt":{"rendered":"<p class=\"p1\"><span class=\"s1\">Pi\u00f1\u00f3n de China categor\u00eda y tama\u00f1o 650\/700 elegido, seleccionado y envasado.<\/span><\/p>\n","protected":false},"featured_media":14288,"template":"","meta":[],"product_brand":[],"product_cat":[453,451],"product_tag":[],"class_list":{"0":"post-503531","1":"product","2":"type-product","3":"status-publish","4":"has-post-thumbnail","6":"product_cat-1-kg-es-2","7":"product_cat-crudos","9":"first","10":"instock","11":"shipping-taxable","12":"purchasable","13":"product-type-simple","14":"layout-style-2","15":"col-md-4 col-sm-4 col-xs-6","16":"col-lg-3","17":"product-style-quickview"},"_links":{"self":[{"href":"https:\/\/fruitssecstorra.com\/shop\/es\/wp-json\/wp\/v2\/product\/503531","targetHints":{"allow":["GET"]}}],"collection":[{"href":"https:\/\/fruitssecstorra.com\/shop\/es\/wp-json\/wp\/v2\/product"}],"about":[{"href":"https:\/\/fruitssecstorra.com\/shop\/es\/wp-json\/wp\/v2\/types\/product"}],"wp:featuredmedia":[{"embeddable":true,"href":"https:\/\/fruitssecstorra.com\/shop\/es\/wp-json\/wp\/v2\/media\/14288"}],"wp:attachment":[{"href":"https:\/\/fruitssecstorra.com\/shop\/es\/wp-json\/wp\/v2\/media?parent=503531"}],"wp:term":[{"taxonomy":"product_brand","embeddable":true,"href":"https:\/\/fruitssecstorra.com\/shop\/es\/wp-json\/wp\/v2\/product_brand?post=503531"},{"taxonomy":"product_cat","embeddable":true,"href":"https:\/\/fruitssecstorra.com\/shop\/es\/wp-json\/wp\/v2\/product_cat?post=503531"},{"taxonomy":"product_tag","embeddable":true,"href":"https:\/\/fruitssecstorra.com\/shop\/es\/wp-json\/wp\/v2\/product_tag?post=503531"}],"curies":[{"name":"wp","href":"https:\/\/api.w.org\/{rel}","templated":true}]}}