{"id":503555,"date":"2024-03-14T10:33:28","date_gmt":"2024-03-14T10:33:28","guid":{"rendered":"https:\/\/clone.salutianuts.com\/?post_type=product&#038;p=503555"},"modified":"2026-04-04T01:53:50","modified_gmt":"2026-04-04T01:53:50","slug":"pasa-malaga-125-gr","status":"publish","type":"product","link":"https:\/\/fruitssecstorra.com\/shop\/es\/producte\/pasa-malaga-125-gr\/","title":{"rendered":"Pasa m\u00e1laga 125 gr."},"content":{"rendered":"<p>Pasa m\u00e1laga, variedad moscatel, categor\u00eda Extra 7 coronas elegida, seleccionada y envasada.<\/p>\n<p><strong>Ingredientes:<\/strong>pasa de uva moscatel.<br \/>\n<strong>Uso:<\/strong> dietas sanas, saludables y naturales, adecuado en dietas deportivas, naturales y cardiovasculares, condimento en cocina y para postre music.<br \/>\n<strong>Conservaci\u00f3n:<\/strong> Invierno (lugar seco, lejos de la luz solar), Verano (fresco o refrigerado y seco, lejos de la luz solar).<br \/>\nUna vez abierto, mantener bien cerrado y consumir preferentemente en una semana.<\/p>\n","protected":false},"excerpt":{"rendered":"<p class=\"p1\"><span class=\"s1\">Pasa m\u00e1laga, variedad moscatel, categor\u00eda Extra 7 coronas elegida, seleccionada y envasada.<\/span><\/p>\n","protected":false},"featured_media":14398,"template":"","meta":[],"product_brand":[],"product_cat":[469,464],"product_tag":[],"class_list":{"0":"post-503555","1":"product","2":"type-product","3":"status-publish","4":"has-post-thumbnail","6":"product_cat-125-gr-100-gr-es-4","7":"product_cat-fruta-deshidratada-desecada","9":"first","10":"outofstock","11":"shipping-taxable","12":"purchasable","13":"product-type-simple","14":"layout-style-2","15":"col-md-4 col-sm-4 col-xs-6","16":"col-lg-3","17":"product-style-quickview"},"_links":{"self":[{"href":"https:\/\/fruitssecstorra.com\/shop\/es\/wp-json\/wp\/v2\/product\/503555","targetHints":{"allow":["GET"]}}],"collection":[{"href":"https:\/\/fruitssecstorra.com\/shop\/es\/wp-json\/wp\/v2\/product"}],"about":[{"href":"https:\/\/fruitssecstorra.com\/shop\/es\/wp-json\/wp\/v2\/types\/product"}],"wp:featuredmedia":[{"embeddable":true,"href":"https:\/\/fruitssecstorra.com\/shop\/es\/wp-json\/wp\/v2\/media\/14398"}],"wp:attachment":[{"href":"https:\/\/fruitssecstorra.com\/shop\/es\/wp-json\/wp\/v2\/media?parent=503555"}],"wp:term":[{"taxonomy":"product_brand","embeddable":true,"href":"https:\/\/fruitssecstorra.com\/shop\/es\/wp-json\/wp\/v2\/product_brand?post=503555"},{"taxonomy":"product_cat","embeddable":true,"href":"https:\/\/fruitssecstorra.com\/shop\/es\/wp-json\/wp\/v2\/product_cat?post=503555"},{"taxonomy":"product_tag","embeddable":true,"href":"https:\/\/fruitssecstorra.com\/shop\/es\/wp-json\/wp\/v2\/product_tag?post=503555"}],"curies":[{"name":"wp","href":"https:\/\/api.w.org\/{rel}","templated":true}]}}