{"id":503573,"date":"2024-03-14T10:33:18","date_gmt":"2024-03-14T10:33:18","guid":{"rendered":"https:\/\/clone.salutianuts.com\/?post_type=product&#038;p=503573"},"modified":"2026-04-04T03:53:37","modified_gmt":"2026-04-04T03:53:37","slug":"arandano-rojo-sin-azucar-125-gr","status":"publish","type":"product","link":"https:\/\/fruitssecstorra.com\/shop\/es\/producte\/arandano-rojo-sin-azucar-125-gr\/","title":{"rendered":"Ar\u00e1ndano rojo sin az\u00facar 125 gr."},"content":{"rendered":"<p>Ar\u00e1ndano rojo, con jugo de pi\u00f1a seleccionado y envasado.<\/p>\n<p><strong>Ingredientes:<\/strong>Ar\u00e1ndano rojo, con zumo de pi\u00f1a seleccionado y envasado.<br \/>\n<strong>Uso:<\/strong> picar saludablemente, para cocinar y como postre.<br \/>\n<strong>Conservaci\u00f3n:<\/strong> Invierno (lugar seco, lejos de la luz solar), Verano (fresco o refrigerado y seco, lejos de la luz solar).<br \/>\nUna vez abierto, mantener bien cerrado y consumir preferentemente en una semana.<\/p>\n","protected":false},"excerpt":{"rendered":"<p class=\"p1\"><span class=\"s1\">Ar\u00e1ndano rojo, con jugo de pi\u00f1a seleccionado y envasado.<\/span><\/p>\n","protected":false},"featured_media":14478,"template":"","meta":[],"product_brand":[],"product_cat":[469,464],"product_tag":[],"class_list":{"0":"post-503573","1":"product","2":"type-product","3":"status-publish","4":"has-post-thumbnail","6":"product_cat-125-gr-100-gr-es-4","7":"product_cat-fruta-deshidratada-desecada","9":"first","10":"instock","11":"shipping-taxable","12":"purchasable","13":"product-type-simple","14":"layout-style-2","15":"col-md-4 col-sm-4 col-xs-6","16":"col-lg-3","17":"product-style-quickview"},"_links":{"self":[{"href":"https:\/\/fruitssecstorra.com\/shop\/es\/wp-json\/wp\/v2\/product\/503573","targetHints":{"allow":["GET"]}}],"collection":[{"href":"https:\/\/fruitssecstorra.com\/shop\/es\/wp-json\/wp\/v2\/product"}],"about":[{"href":"https:\/\/fruitssecstorra.com\/shop\/es\/wp-json\/wp\/v2\/types\/product"}],"wp:featuredmedia":[{"embeddable":true,"href":"https:\/\/fruitssecstorra.com\/shop\/es\/wp-json\/wp\/v2\/media\/14478"}],"wp:attachment":[{"href":"https:\/\/fruitssecstorra.com\/shop\/es\/wp-json\/wp\/v2\/media?parent=503573"}],"wp:term":[{"taxonomy":"product_brand","embeddable":true,"href":"https:\/\/fruitssecstorra.com\/shop\/es\/wp-json\/wp\/v2\/product_brand?post=503573"},{"taxonomy":"product_cat","embeddable":true,"href":"https:\/\/fruitssecstorra.com\/shop\/es\/wp-json\/wp\/v2\/product_cat?post=503573"},{"taxonomy":"product_tag","embeddable":true,"href":"https:\/\/fruitssecstorra.com\/shop\/es\/wp-json\/wp\/v2\/product_tag?post=503573"}],"curies":[{"name":"wp","href":"https:\/\/api.w.org\/{rel}","templated":true}]}}