{"id":503608,"date":"2024-03-14T10:33:01","date_gmt":"2024-03-14T10:33:01","guid":{"rendered":"https:\/\/clone.salutianuts.com\/?post_type=product&#038;p=503608"},"modified":"2026-04-22T00:09:58","modified_gmt":"2026-04-22T00:09:58","slug":"almendra-laminada-cruda-1-kg","status":"publish","type":"product","link":"https:\/\/fruitssecstorra.com\/shop\/es\/producte\/almendra-laminada-cruda-1-kg\/","title":{"rendered":"Almendra laminada cruda 1 kg."},"content":{"rendered":"<p>L\u00e1minas de almendra cruda repelada, de variedades como marcona, belona o guaraelegido, seleccionado y envasado.<\/p>\n<p><strong>Ingredientes:<\/strong>almendra repelada.<br \/>\n<strong>Uso:<\/strong> condimentos para cocinar, pescados y carnes, elaboraci\u00f3n de pasteles y pastas secas, elaboraci\u00f3n en reposter\u00eda ejemplo: panellets y obradores pasteler\u00eda.<br \/>\n<strong>Conservaci\u00f3n:<\/strong> Invierno (lugar seco, lejos de la luz solar), Verano (fresco o refrigerado y seco, lejos de la luz solar).<br \/>\nUna vez abierto, mantener bien cerrado y consumir preferentemente en una semana.<\/p>\n","protected":false},"excerpt":{"rendered":"<p class=\"p1\"><span class=\"s1\">L\u00e1minas de almendra cruda repelada, de variedades como marcona, belona o guaraelegido, seleccionado y envasado.<\/span><\/p>\n","protected":false},"featured_media":14662,"template":"","meta":[],"product_brand":[],"product_cat":[453,451],"product_tag":[],"class_list":{"0":"post-503608","1":"product","2":"type-product","3":"status-publish","4":"has-post-thumbnail","6":"product_cat-1-kg-es-2","7":"product_cat-crudos","9":"first","10":"instock","11":"shipping-taxable","12":"purchasable","13":"product-type-simple","14":"layout-style-2","15":"col-md-4 col-sm-4 col-xs-6","16":"col-lg-3","17":"product-style-quickview"},"_links":{"self":[{"href":"https:\/\/fruitssecstorra.com\/shop\/es\/wp-json\/wp\/v2\/product\/503608","targetHints":{"allow":["GET"]}}],"collection":[{"href":"https:\/\/fruitssecstorra.com\/shop\/es\/wp-json\/wp\/v2\/product"}],"about":[{"href":"https:\/\/fruitssecstorra.com\/shop\/es\/wp-json\/wp\/v2\/types\/product"}],"wp:featuredmedia":[{"embeddable":true,"href":"https:\/\/fruitssecstorra.com\/shop\/es\/wp-json\/wp\/v2\/media\/14662"}],"wp:attachment":[{"href":"https:\/\/fruitssecstorra.com\/shop\/es\/wp-json\/wp\/v2\/media?parent=503608"}],"wp:term":[{"taxonomy":"product_brand","embeddable":true,"href":"https:\/\/fruitssecstorra.com\/shop\/es\/wp-json\/wp\/v2\/product_brand?post=503608"},{"taxonomy":"product_cat","embeddable":true,"href":"https:\/\/fruitssecstorra.com\/shop\/es\/wp-json\/wp\/v2\/product_cat?post=503608"},{"taxonomy":"product_tag","embeddable":true,"href":"https:\/\/fruitssecstorra.com\/shop\/es\/wp-json\/wp\/v2\/product_tag?post=503608"}],"curies":[{"name":"wp","href":"https:\/\/api.w.org\/{rel}","templated":true}]}}