{"id":503614,"date":"2024-03-14T10:32:56","date_gmt":"2024-03-14T10:32:56","guid":{"rendered":"https:\/\/clone.salutianuts.com\/?post_type=product&#038;p=503614"},"modified":"2026-04-25T21:21:39","modified_gmt":"2026-04-25T21:21:39","slug":"almendra-granulada-cruda-500-gr","status":"publish","type":"product","link":"https:\/\/fruitssecstorra.com\/shop\/es\/producte\/almendra-granulada-cruda-500-gr\/","title":{"rendered":"Almendra granulada cruda 500 gr."},"content":{"rendered":"<p>Almendra cruda repelada, de variedades como marcona, calibre s\/-16 elegido, seleccionado y envasado.<\/p>\n<p><strong>Ingredientes:<\/strong>almendra repelada.<br \/>\n<strong>Uso:<\/strong> condimentos para cocinar, pescados y carnes, elaboraci\u00f3n de pasteles y pastas secas, elaboraci\u00f3n en reposter\u00eda ejemplo: panellets y obradores pasteler\u00eda.<br \/>\n<strong>Conservaci\u00f3n:<\/strong> Invierno (lugar seco, lejos de la luz solar), Verano (fresco o refrigerado y seco, lejos de la luz solar).<br \/>\nUna vez abierto, mantener bien cerrado y consumir preferentemente en una semana.<\/p>\n","protected":false},"excerpt":{"rendered":"<p class=\"p1\"><span class=\"s1\">Almendra cruda repelada, de variedades como marcona, calibre s\/-16 elegido, seleccionado y envasado.<\/span><\/p>\n","protected":false},"featured_media":14697,"template":"","meta":[],"product_brand":[],"product_cat":[457,451],"product_tag":[],"class_list":{"0":"post-503614","1":"product","2":"type-product","3":"status-publish","4":"has-post-thumbnail","6":"product_cat-500-gr-es","7":"product_cat-crudos","9":"first","10":"instock","11":"shipping-taxable","12":"purchasable","13":"product-type-simple","14":"layout-style-2","15":"col-md-4 col-sm-4 col-xs-6","16":"col-lg-3","17":"product-style-quickview"},"_links":{"self":[{"href":"https:\/\/fruitssecstorra.com\/shop\/es\/wp-json\/wp\/v2\/product\/503614","targetHints":{"allow":["GET"]}}],"collection":[{"href":"https:\/\/fruitssecstorra.com\/shop\/es\/wp-json\/wp\/v2\/product"}],"about":[{"href":"https:\/\/fruitssecstorra.com\/shop\/es\/wp-json\/wp\/v2\/types\/product"}],"wp:featuredmedia":[{"embeddable":true,"href":"https:\/\/fruitssecstorra.com\/shop\/es\/wp-json\/wp\/v2\/media\/14697"}],"wp:attachment":[{"href":"https:\/\/fruitssecstorra.com\/shop\/es\/wp-json\/wp\/v2\/media?parent=503614"}],"wp:term":[{"taxonomy":"product_brand","embeddable":true,"href":"https:\/\/fruitssecstorra.com\/shop\/es\/wp-json\/wp\/v2\/product_brand?post=503614"},{"taxonomy":"product_cat","embeddable":true,"href":"https:\/\/fruitssecstorra.com\/shop\/es\/wp-json\/wp\/v2\/product_cat?post=503614"},{"taxonomy":"product_tag","embeddable":true,"href":"https:\/\/fruitssecstorra.com\/shop\/es\/wp-json\/wp\/v2\/product_tag?post=503614"}],"curies":[{"name":"wp","href":"https:\/\/api.w.org\/{rel}","templated":true}]}}