{"id":503662,"date":"2024-03-14T10:32:29","date_gmt":"2024-03-14T10:32:29","guid":{"rendered":"https:\/\/clone.salutianuts.com\/?post_type=product&#038;p=503662"},"modified":"2026-04-10T23:57:06","modified_gmt":"2026-04-10T23:57:06","slug":"pipa-girasol-salada-en-grano-500-gr","status":"publish","type":"product","link":"https:\/\/fruitssecstorra.com\/shop\/es\/producte\/pipa-girasol-salada-en-grano-500-gr\/","title":{"rendered":"Pipa girasol salada en grano 500 gr."},"content":{"rendered":"<p>Pipa girasol en grano, de calibre confectionary, fre\u00edda con aceites vegetales de m\u00e1xima calidad, elaborada de forma totalmente artesanal.<\/p>\n<p><strong>Ingredientes:<\/strong>pipa calabaza c\u00e1scara, almid\u00f3n ma\u00edz y sal.<br \/>\n<strong>Uso:<\/strong> aperitivos, condimento para ensaladas, vermuts y picar entre horas.<br \/>\n<strong>Conservaci\u00f3n:<\/strong> Invierno (lugar seco, lejos de la luz solar), Verano (fresco o refrigerado y seco, lejos de la luz solar).<br \/>\nUna vez abierto, mantener bien cerrado y consumir preferentemente en una semana.<\/p>\n","protected":false},"excerpt":{"rendered":"<p class=\"p1\"><span class=\"s1\">Pipa girasol en grano, de calibre confectionary, fre\u00edda con aceites vegetales de m\u00e1xima calidad, elaborada de forma totalmente artesanal.<\/span><\/p>\n","protected":false},"featured_media":14957,"template":"","meta":[],"product_brand":[],"product_cat":[486,481],"product_tag":[],"class_list":{"0":"post-503662","1":"product","2":"type-product","3":"status-publish","4":"has-post-thumbnail","6":"product_cat-500-gr-es-4","7":"product_cat-salados-aperitivos","9":"first","10":"instock","11":"shipping-taxable","12":"purchasable","13":"product-type-simple","14":"layout-style-2","15":"col-md-4 col-sm-4 col-xs-6","16":"col-lg-3","17":"product-style-quickview"},"_links":{"self":[{"href":"https:\/\/fruitssecstorra.com\/shop\/es\/wp-json\/wp\/v2\/product\/503662","targetHints":{"allow":["GET"]}}],"collection":[{"href":"https:\/\/fruitssecstorra.com\/shop\/es\/wp-json\/wp\/v2\/product"}],"about":[{"href":"https:\/\/fruitssecstorra.com\/shop\/es\/wp-json\/wp\/v2\/types\/product"}],"wp:featuredmedia":[{"embeddable":true,"href":"https:\/\/fruitssecstorra.com\/shop\/es\/wp-json\/wp\/v2\/media\/14957"}],"wp:attachment":[{"href":"https:\/\/fruitssecstorra.com\/shop\/es\/wp-json\/wp\/v2\/media?parent=503662"}],"wp:term":[{"taxonomy":"product_brand","embeddable":true,"href":"https:\/\/fruitssecstorra.com\/shop\/es\/wp-json\/wp\/v2\/product_brand?post=503662"},{"taxonomy":"product_cat","embeddable":true,"href":"https:\/\/fruitssecstorra.com\/shop\/es\/wp-json\/wp\/v2\/product_cat?post=503662"},{"taxonomy":"product_tag","embeddable":true,"href":"https:\/\/fruitssecstorra.com\/shop\/es\/wp-json\/wp\/v2\/product_tag?post=503662"}],"curies":[{"name":"wp","href":"https:\/\/api.w.org\/{rel}","templated":true}]}}