{"id":503676,"date":"2024-03-14T10:32:22","date_gmt":"2024-03-14T10:32:22","guid":{"rendered":"https:\/\/clone.salutianuts.com\/?post_type=product&#038;p=503676"},"modified":"2026-04-25T21:35:43","modified_gmt":"2026-04-25T21:35:43","slug":"almendra-tostada-extra-500-gr","status":"publish","type":"product","link":"https:\/\/fruitssecstorra.com\/shop\/es\/producte\/almendra-tostada-extra-500-gr\/","title":{"rendered":"Almendra tostada extra 500 gr"},"content":{"rendered":"<p>Almendra llargueta de calibre s\/14 tostada de forma artesanal, sin m\u00e1s ingredientes a\u00f1adidos, almendra y fuego.<\/p>\n<p><strong>Ingredientes:<\/strong>grano de almendra llargueta piel ecol\u00f3gica, tostada de forma artesanal, sin jefe m\u00e1s ingrediente a\u00f1adido, almendra y fuego.<br \/>\n<strong>Uso:<\/strong> postres music, picar entre horas, para postres, para picada en la cocina.<br \/>\n<strong>Conservaci\u00f3n:<\/strong> Invierno (lugar seco, lejos de la luz solar), Verano (fresco o refrigerado y seco, lejos de la luz solar).<br \/>\nUna vez abierto, mantener bien cerrado y consumir preferentemente en una semana.<\/p>\n","protected":false},"excerpt":{"rendered":"<p class=\"p1\"><span class=\"s1\">Almendra llargueta de calibre s\/14 tostada de forma artesanal, sin m\u00e1s ingredientes a\u00f1adidos, almendra y fuego.<\/span><\/p>\n","protected":false},"featured_media":15022,"template":"","meta":[],"product_brand":[],"product_cat":[495,489],"product_tag":[],"class_list":{"0":"post-503676","1":"product","2":"type-product","3":"status-publish","4":"has-post-thumbnail","6":"product_cat-500-gr-es-5","7":"product_cat-tostados","9":"first","10":"instock","11":"shipping-taxable","12":"purchasable","13":"product-type-simple","14":"layout-style-2","15":"col-md-4 col-sm-4 col-xs-6","16":"col-lg-3","17":"product-style-quickview"},"_links":{"self":[{"href":"https:\/\/fruitssecstorra.com\/shop\/es\/wp-json\/wp\/v2\/product\/503676","targetHints":{"allow":["GET"]}}],"collection":[{"href":"https:\/\/fruitssecstorra.com\/shop\/es\/wp-json\/wp\/v2\/product"}],"about":[{"href":"https:\/\/fruitssecstorra.com\/shop\/es\/wp-json\/wp\/v2\/types\/product"}],"wp:featuredmedia":[{"embeddable":true,"href":"https:\/\/fruitssecstorra.com\/shop\/es\/wp-json\/wp\/v2\/media\/15022"}],"wp:attachment":[{"href":"https:\/\/fruitssecstorra.com\/shop\/es\/wp-json\/wp\/v2\/media?parent=503676"}],"wp:term":[{"taxonomy":"product_brand","embeddable":true,"href":"https:\/\/fruitssecstorra.com\/shop\/es\/wp-json\/wp\/v2\/product_brand?post=503676"},{"taxonomy":"product_cat","embeddable":true,"href":"https:\/\/fruitssecstorra.com\/shop\/es\/wp-json\/wp\/v2\/product_cat?post=503676"},{"taxonomy":"product_tag","embeddable":true,"href":"https:\/\/fruitssecstorra.com\/shop\/es\/wp-json\/wp\/v2\/product_tag?post=503676"}],"curies":[{"name":"wp","href":"https:\/\/api.w.org\/{rel}","templated":true}]}}