{"id":503688,"date":"2024-03-14T10:32:16","date_gmt":"2024-03-14T10:32:16","guid":{"rendered":"https:\/\/clone.salutianuts.com\/?post_type=product&#038;p=503688"},"modified":"2026-04-26T19:50:24","modified_gmt":"2026-04-26T19:50:24","slug":"almendra-marcona-salada-repelada-eco-cristal","status":"publish","type":"product","link":"https:\/\/fruitssecstorra.com\/shop\/es\/producte\/almendra-marcona-salada-repelada-eco-cristal\/","title":{"rendered":"Almendra Marcona salada Repelada ECO cristal"},"content":{"rendered":"<p>Almendra marcona ECOL\u00d3GICA, fre\u00edda con aceites vegetales de primer\u00edsima calidad, elaborada de forma totalmente artesanal, envasado en tarro de cristal.<\/p>\n<p><strong>Ingredientes:<\/strong>grano de almendra Marcona repelada ECOL\u00d3GICA, aceite ecol\u00f3gico vegetal y sal.<br \/>\n<strong>Uso:<\/strong> aperitivos, vermuts, picar entre horas y fiestas familiares y amigos.<br \/>\n<strong>Conservaci\u00f3n:<\/strong> Invierno (lugar seco, lejos de la luz solar), Verano (fresco o refrigerado y seco, lejos de la luz solar).<br \/>\nUna vez abierto, mantener bien cerrado y consumir preferentemente en una semana.<\/p>\n","protected":false},"excerpt":{"rendered":"<p class=\"p1\"><span class=\"s1\">Almendra marcona ECOL\u00d3GICA, fre\u00edda con aceites vegetales de primer\u00edsima calidad, elaborada de forma totalmente artesanal, envasado en tarro de cristal.<\/span><\/p>\n","protected":false},"featured_media":15082,"template":"","meta":[],"product_brand":[],"product_cat":[463,443],"product_tag":[],"class_list":{"0":"post-503688","1":"product","2":"type-product","3":"status-publish","4":"has-post-thumbnail","6":"product_cat-125-gr-100-gr-es-3","7":"product_cat-especiales","9":"first","10":"instock","11":"shipping-taxable","12":"purchasable","13":"product-type-simple","14":"layout-style-2","15":"col-md-4 col-sm-4 col-xs-6","16":"col-lg-3","17":"product-style-quickview"},"_links":{"self":[{"href":"https:\/\/fruitssecstorra.com\/shop\/es\/wp-json\/wp\/v2\/product\/503688","targetHints":{"allow":["GET"]}}],"collection":[{"href":"https:\/\/fruitssecstorra.com\/shop\/es\/wp-json\/wp\/v2\/product"}],"about":[{"href":"https:\/\/fruitssecstorra.com\/shop\/es\/wp-json\/wp\/v2\/types\/product"}],"wp:featuredmedia":[{"embeddable":true,"href":"https:\/\/fruitssecstorra.com\/shop\/es\/wp-json\/wp\/v2\/media\/15082"}],"wp:attachment":[{"href":"https:\/\/fruitssecstorra.com\/shop\/es\/wp-json\/wp\/v2\/media?parent=503688"}],"wp:term":[{"taxonomy":"product_brand","embeddable":true,"href":"https:\/\/fruitssecstorra.com\/shop\/es\/wp-json\/wp\/v2\/product_brand?post=503688"},{"taxonomy":"product_cat","embeddable":true,"href":"https:\/\/fruitssecstorra.com\/shop\/es\/wp-json\/wp\/v2\/product_cat?post=503688"},{"taxonomy":"product_tag","embeddable":true,"href":"https:\/\/fruitssecstorra.com\/shop\/es\/wp-json\/wp\/v2\/product_tag?post=503688"}],"curies":[{"name":"wp","href":"https:\/\/api.w.org\/{rel}","templated":true}]}}