{"id":503696,"date":"2024-03-14T10:32:11","date_gmt":"2024-03-14T10:32:11","guid":{"rendered":"https:\/\/clone.salutianuts.com\/?post_type=product&#038;p=503696"},"modified":"2026-04-26T19:52:05","modified_gmt":"2026-04-26T19:52:05","slug":"mix-frutos-selecto-eco-cristal","status":"publish","type":"product","link":"https:\/\/fruitssecstorra.com\/shop\/es\/producte\/mix-frutos-selecto-eco-cristal\/","title":{"rendered":"Mix frutos selecto ECO cristal"},"content":{"rendered":"<p>Almendra marcona, cacahuete repelado, avellana repelada, almendra llargueta piel y anacardo, TODOS ECOL\u00d3GICO, todo fre\u00eddo con aceites vegetales de primer\u00edsima calidad elaborado de forma totalmente artesanal, envasado en tarro de cristal.<\/p>\n<p><strong>Ingredientes:<\/strong>almendra, cacahuete, avellana, almendra piel, anacardo, aceite ecol\u00f3gico vegetal y sal.<br \/>\n<strong>Uso:<\/strong> aperitivos, vermuts, picar entre horas, fiestas familiares y amigos y detalle para regalar salud.<br \/>\n<strong>Conservaci\u00f3n:<\/strong> Invierno (lugar seco, lejos de la luz solar), Verano (fresco o refrigerado y seco, lejos de la luz solar).<br \/>\nUna vez abierto, mantener bien cerrado y consumir preferentemente en una semana.<\/p>\n","protected":false},"excerpt":{"rendered":"<p class=\"p1\"><span class=\"s1\">Almendra marcona, cacahuete repelado, avellana repelada, almendra llargueta piel y anacardo, TODOS ECOL\u00d3GICO, todo fre\u00eddo con aceites vegetales de primer\u00edsima calidad elaborado de forma totalmente artesanal, envasado en tarro de cristal.<\/span><\/p>\n","protected":false},"featured_media":15127,"template":"","meta":[],"product_brand":[],"product_cat":[463,443],"product_tag":[],"class_list":{"0":"post-503696","1":"product","2":"type-product","3":"status-publish","4":"has-post-thumbnail","6":"product_cat-125-gr-100-gr-es-3","7":"product_cat-especiales","9":"first","10":"outofstock","11":"shipping-taxable","12":"purchasable","13":"product-type-simple","14":"layout-style-2","15":"col-md-4 col-sm-4 col-xs-6","16":"col-lg-3","17":"product-style-quickview"},"_links":{"self":[{"href":"https:\/\/fruitssecstorra.com\/shop\/es\/wp-json\/wp\/v2\/product\/503696","targetHints":{"allow":["GET"]}}],"collection":[{"href":"https:\/\/fruitssecstorra.com\/shop\/es\/wp-json\/wp\/v2\/product"}],"about":[{"href":"https:\/\/fruitssecstorra.com\/shop\/es\/wp-json\/wp\/v2\/types\/product"}],"wp:featuredmedia":[{"embeddable":true,"href":"https:\/\/fruitssecstorra.com\/shop\/es\/wp-json\/wp\/v2\/media\/15127"}],"wp:attachment":[{"href":"https:\/\/fruitssecstorra.com\/shop\/es\/wp-json\/wp\/v2\/media?parent=503696"}],"wp:term":[{"taxonomy":"product_brand","embeddable":true,"href":"https:\/\/fruitssecstorra.com\/shop\/es\/wp-json\/wp\/v2\/product_brand?post=503696"},{"taxonomy":"product_cat","embeddable":true,"href":"https:\/\/fruitssecstorra.com\/shop\/es\/wp-json\/wp\/v2\/product_cat?post=503696"},{"taxonomy":"product_tag","embeddable":true,"href":"https:\/\/fruitssecstorra.com\/shop\/es\/wp-json\/wp\/v2\/product_tag?post=503696"}],"curies":[{"name":"wp","href":"https:\/\/api.w.org\/{rel}","templated":true}]}}