{"id":503709,"date":"2024-03-14T10:32:05","date_gmt":"2024-03-14T10:32:05","guid":{"rendered":"https:\/\/clone.salutianuts.com\/?post_type=product&#038;p=503709"},"modified":"2026-04-19T17:00:53","modified_gmt":"2026-04-19T17:00:53","slug":"avellana-tostada-eco-125gr","status":"publish","type":"product","link":"https:\/\/fruitssecstorra.com\/shop\/es\/producte\/avellana-tostada-eco-125gr\/","title":{"rendered":"Avellana tostada ECO 125gr"},"content":{"rendered":"<p>Avellana de agricultura ecol\u00f3gica tostada de forma artesanal, sin m\u00e1s ingrediente a\u00f1adido, avellana y fuego.<\/p>\n<p><strong>Ingredientes:<\/strong>avellana piel ecol\u00f3gica.<br \/>\n<strong>Uso:<\/strong> postres music, picar entre horas, para postre, para picada en la cocina, alimentaci\u00f3n sana y natural.<br \/>\n<strong>Conservaci\u00f3n:<\/strong> Invierno (lugar seco, lejos de la luz solar), Verano (fresco o refrigerado y seco, lejos de la luz solar).<br \/>\nUna vez abierto, mantener bien cerrado y consumir preferentemente en una semana.<\/p>\n","protected":false},"excerpt":{"rendered":"<p class=\"p1\">Avellana de agricultura ecol\u00f3gica tostada de forma artesanal, sin m\u00e1s ingrediente a\u00f1adido, avellana y fuego.<\/p>\n","protected":false},"featured_media":15228,"template":"","meta":[],"product_brand":[],"product_cat":[493,489],"product_tag":[],"class_list":{"0":"post-503709","1":"product","2":"type-product","3":"status-publish","4":"has-post-thumbnail","6":"product_cat-125-gr-100-gr-es-7","7":"product_cat-tostados","9":"first","10":"outofstock","11":"shipping-taxable","12":"purchasable","13":"product-type-simple","14":"layout-style-2","15":"col-md-4 col-sm-4 col-xs-6","16":"col-lg-3","17":"product-has-gallery","18":"product-style-quickview"},"_links":{"self":[{"href":"https:\/\/fruitssecstorra.com\/shop\/es\/wp-json\/wp\/v2\/product\/503709","targetHints":{"allow":["GET"]}}],"collection":[{"href":"https:\/\/fruitssecstorra.com\/shop\/es\/wp-json\/wp\/v2\/product"}],"about":[{"href":"https:\/\/fruitssecstorra.com\/shop\/es\/wp-json\/wp\/v2\/types\/product"}],"wp:featuredmedia":[{"embeddable":true,"href":"https:\/\/fruitssecstorra.com\/shop\/es\/wp-json\/wp\/v2\/media\/15228"}],"wp:attachment":[{"href":"https:\/\/fruitssecstorra.com\/shop\/es\/wp-json\/wp\/v2\/media?parent=503709"}],"wp:term":[{"taxonomy":"product_brand","embeddable":true,"href":"https:\/\/fruitssecstorra.com\/shop\/es\/wp-json\/wp\/v2\/product_brand?post=503709"},{"taxonomy":"product_cat","embeddable":true,"href":"https:\/\/fruitssecstorra.com\/shop\/es\/wp-json\/wp\/v2\/product_cat?post=503709"},{"taxonomy":"product_tag","embeddable":true,"href":"https:\/\/fruitssecstorra.com\/shop\/es\/wp-json\/wp\/v2\/product_tag?post=503709"}],"curies":[{"name":"wp","href":"https:\/\/api.w.org\/{rel}","templated":true}]}}