{"id":505890,"date":"2024-05-13T12:43:08","date_gmt":"2024-05-13T12:43:08","guid":{"rendered":"https:\/\/clone.salutianuts.com\/?page_id=505890"},"modified":"2024-05-13T12:43:12","modified_gmt":"2024-05-13T12:43:12","slug":"politica-de-cookies","status":"publish","type":"page","link":"https:\/\/fruitssecstorra.com\/shop\/politica-de-cookies\/","title":{"rendered":"Pol\u00edtica de Cookies"},"content":{"rendered":"\n<h3 class=\"wp-block-heading\">Informaci\u00f3 sobre Cookies<\/h3>\n\n\n\n<p>Les&nbsp;<em>cookies<\/em>&nbsp;i altres tecnologies similars com ara local shared objects, flash cookies o p\u00edxels, s\u00f3n eines emprades pels servidors Web per emmagatzemar i recuperar informaci\u00f3 sobre els seus visitants, aix\u00ed com per oferir un correcte funcionament del lloc.<br>Mitjan\u00e7ant l\u2019\u00fas d\u2019aquests dispositius es permet al servidor Web recordar algunes dades referents a l\u2019usuari, com les seves prefer\u00e8ncies per a la visualitzaci\u00f3 de les p\u00e0gines d\u2019aquest servidor, nom i contrasenya, productes que m\u00e9s li interessen, etc.<\/p>\n\n\n\n<h3 class=\"wp-block-heading\">Cookies afectades per la normativa i Cookies exceptuades<\/h3>\n\n\n\n<p>D\u2019acord amb la \u00abLlei de Serveis de la Societat de la Informaci\u00f3\u00bb (LSSICE) establerta pel Reial Decret 13\/2012, \u00e9s obligat obtenir el consentiment expr\u00e9s de l\u2019usuari de totes les p\u00e0gines web que utilitzen&nbsp;<em>cookies<\/em>&nbsp;prescindibles, abans que aquest navegui per elles.<br>Segons la directiva de la UE, les&nbsp;<em>cookies<\/em>&nbsp;que requereixen el consentiment informat per part de l\u2019usuari s\u00f3n les cookies anal\u00edtiques i les de publicitat i afiliaci\u00f3, i queden exceptuades les de car\u00e0cter t\u00e8cnic i les necess\u00e0ries per al funcionament del lloc web o la prestaci\u00f3 de serveis expressament sol\u00b7licitats per l\u2019usuari.<\/p>\n\n\n\n<h3 class=\"wp-block-heading\">Tipus de Cookies utilitzades en aquest lloc web<\/h3>\n\n\n\n<p><strong>SEGONS LA FINALITAT<\/strong><br>\u2022 Cookies t\u00e8cniques i funcionals: s\u00f3n les que permeten a l\u2019usuari navegar a trav\u00e9s d\u2019una p\u00e0gina web, plataforma o aplicaci\u00f3 i utilitzar les diferents opcions o serveis que hi hagi.<br>\u2022 Cookies d\u2019an\u00e0lisi: s\u00f3n les que permeten al responsable d\u2019aquestes monitoritzar i analitzar el comportament dels usuaris dels llocs web als quals estan vinculats. La informaci\u00f3 recollida mitjan\u00e7ant aquest tipus de&nbsp;<em>cookies<\/em>&nbsp;s\u2019utilitza en el mesurament de l\u2019activitat dels llocs web, aplicaci\u00f3 o plataforma i per elaborar perfils de navegaci\u00f3 dels usuaris d\u2019aquests llocs, aplicacions i plataformes, per tal d\u2019introduir millores en funci\u00f3 de l\u2019an\u00e0lisi de les dades d\u2019\u00fas que fan els usuaris del servei.<br><strong>SEGONS LA PROPIETAT<\/strong><br>\u2022 Cookies pr\u00f2pies: s\u00f3n les que s\u2019envien a l\u2019equip terminal de l\u2019usuari des d\u2019un equip o domini gestionat pel propi editor i des del qual es proporciona el servei sol\u00b7licitat per l\u2019usuari.<br>\u2022 Cookies de tercers: s\u00f3n les que s\u2019envien a l\u2019equip terminal de l\u2019usuari des d\u2019un equip o domini que no \u00e9s gestionat per l\u2019editor, sin\u00f3 per una altra entitat que tracta les dades obtingudes mitjan\u00e7ant les cookies.<br><strong>SEGONS EL TERMINI DE CONSERVACI\u00d3<\/strong><br>\u2022 Cookies de sessi\u00f3: s\u00f3n un tipus de cookies dissenyades per obtenir i emmagatzemar dades mentre l\u2019usuari accedeix a una p\u00e0gina web.<br>\u2022 Cookies persistents: s\u00f3n un tipus de cookies en qu\u00e8 les dades segueixen emmagatzemades en el terminal i poden ser accedides i tractades durant un per\u00edode definit pel responsable de la cookie, i que durar des d\u2019uns minuts<br>a diversos anys.<\/p>\n\n\n\n<h3 class=\"wp-block-heading\">Tractament de dades personals<\/h3>\n\n\n\n<p>JORDI TORRA VENDRELL \u00e9s el Responsable del tractament de les dades personals de l\u2019Interessat i l\u2019informa que aquestes dades es tractaran de conformitat amb el que estableix el Reglament (UE) 2016\/679, de 27 d\u2019abril de 2016 (GDPR), per la qual cosa se li facilita la seg\u00fcent informaci\u00f3 del tractament:<br><strong>Finalitats del tractament:<\/strong>&nbsp;segons s\u2019especifica en l\u2019apartat de cookies que s\u2019utilitzen en aquest lloc web.<br><strong>Legitimaci\u00f3 del tractament:<\/strong>&nbsp;per consentiment de l\u2019interessat (art. 6.1 GDPR).<br><strong>Criteris de conservaci\u00f3 de les dades:<\/strong>&nbsp;segons s\u2019especifica en l\u2019apartat de cookies utilitzades al web.<br><strong>Comunicaci\u00f3 de les dades:<\/strong>&nbsp;no es comunicaran les dades a tercers, excepte en cookies propietat de tercers o per<br>obligaci\u00f3 legal.<br><strong>Drets que t\u00e9 l\u2019Interessat:<\/strong><\/p>\n\n\n\n<ul class=\"wp-block-list\">\n<li>Dret a retirar el consentiment en qualsevol moment.<\/li>\n\n\n\n<li>Dret d\u2019acc\u00e9s, rectificaci\u00f3, portabilitat i supressi\u00f3 de les seves dades i a la limitaci\u00f3 o oposici\u00f3 al seu tractament.<\/li>\n\n\n\n<li>Dret a presentar una reclamaci\u00f3 davant l\u2019Autoritat de control (www.aepd.es) si considera que el tractament no s\u2019ajusta a<br>la normativa vigent.<br><strong>Dades de contacte per exercir els seus drets:<\/strong><br>JORDI TORRA VENDRELL. Cl Creu De Sant Pere Num.5, \u2013 08719 Jorba (Barcelona). Email: facturacio2@fruitssecstorra.com<\/li>\n<\/ul>\n\n\n\n<figure class=\"wp-block-image\"><img decoding=\"async\" src=\"https:\/\/fruitssecstorra.com\/wp-content\/uploads\/2019\/12\/panell.jpg\" alt=\"\" class=\"wp-image-7529\"\/><\/figure>\n\n\n\n<p><strong>Obtenir m\u00e9s informaci\u00f3 per desactivar les cookies de Google Analytics:<\/strong><br><a href=\"https:\/\/tools.google.com\/dlpage\/gaoptout\">Pol\u00edtica de privacitat de Google<\/a><br><a href=\"https:\/\/support.google.com\/analytics\/answer\/181881?hl=es\">Exclusi\u00f3 de Google Analytics<\/a><br><strong>COM ELIMINAR LES COOKIES DELS NAVEGADORS M\u00c9S COMUNS<\/strong><br><strong>Chrome<\/strong>&nbsp;<a href=\"http:\/\/support.google.com\/chrome\/answer\/95647?hl=es\">http:\/\/support.google.com\/chrome\/answer\/95647?hl=es<\/a><br><strong>Internet Explorer. Versi\u00f3 11<\/strong>&nbsp;<a href=\"https:\/\/support.microsoft.com\/es-es\/help\/278835\/how-to-delete-cookie-files-in-internet-explorer\">https:\/\/support.microsoft.com\/es-es\/help\/278835\/how-to-delete-cookie-files-in-internet-explorer<\/a><br><strong>Firefox. Versi\u00f3 65.0.1<\/strong>&nbsp;<a href=\"https:\/\/www.mozilla.org\/es-ES\/privacy\/websites\/#cookies\">https:\/\/www.mozilla.org\/es-ES\/privacy\/websites\/#cookies<\/a><br><strong>Safari Versi\u00f3 5.1<\/strong>&nbsp;<a href=\"https:\/\/support.apple.com\/es-es\/guide\/safari\/sfri11471\/mac\">https:\/\/support.apple.com\/es-es\/guide\/safari\/sfri11471\/mac<\/a><br><strong>Opera<\/strong>&nbsp;<a href=\"https:\/\/help.opera.com\/en\/latest\/security-and-privacy\/#clearBrowsingData\">https:\/\/help.opera.com\/en\/latest\/security-and-privacy\/#clearBrowsingData<\/a><\/p>\n","protected":false},"excerpt":{"rendered":"<p>Informaci\u00f3 sobre Cookies Les&nbsp;cookies&nbsp;i altres tecnologies similars com ara local shared objects, flash cookies o p\u00edxels, s\u00f3n eines emprades pels servidors Web per emmagatzemar i recuperar informaci\u00f3 sobre els seus&hellip;<\/p>\n","protected":false},"author":1,"featured_media":0,"parent":0,"menu_order":0,"comment_status":"closed","ping_status":"closed","template":"","meta":{"footnotes":""},"class_list":["post-505890","page","type-page","status-publish","hentry"],"_links":{"self":[{"href":"https:\/\/fruitssecstorra.com\/shop\/wp-json\/wp\/v2\/pages\/505890","targetHints":{"allow":["GET"]}}],"collection":[{"href":"https:\/\/fruitssecstorra.com\/shop\/wp-json\/wp\/v2\/pages"}],"about":[{"href":"https:\/\/fruitssecstorra.com\/shop\/wp-json\/wp\/v2\/types\/page"}],"author":[{"embeddable":true,"href":"https:\/\/fruitssecstorra.com\/shop\/wp-json\/wp\/v2\/users\/1"}],"replies":[{"embeddable":true,"href":"https:\/\/fruitssecstorra.com\/shop\/wp-json\/wp\/v2\/comments?post=505890"}],"version-history":[{"count":0,"href":"https:\/\/fruitssecstorra.com\/shop\/wp-json\/wp\/v2\/pages\/505890\/revisions"}],"wp:attachment":[{"href":"https:\/\/fruitssecstorra.com\/shop\/wp-json\/wp\/v2\/media?parent=505890"}],"curies":[{"name":"wp","href":"https:\/\/api.w.org\/{rel}","templated":true}]}}