{"id":503390,"date":"2024-06-05T09:51:33","date_gmt":"2024-06-05T09:51:33","guid":{"rendered":"https:\/\/clone.salutianuts.com\/?post_type=product&#038;p=503390"},"modified":"2026-05-05T18:53:25","modified_gmt":"2026-05-05T18:53:25","slug":"aperitiu-oriental-125-gr","status":"publish","type":"product","link":"https:\/\/fruitssecstorra.com\/shop\/producte\/aperitiu-oriental-125-gr\/","title":{"rendered":"Aperitivo oriental 125 gr."},"content":{"rendered":"<p>El aperitivo oriental es un snack de diferentes formas, elaborado con arroz y cacahuete medianamente picante y tostaci\u00f3n al horno.<\/p>\n<p><strong>Ingredientes:<\/strong>cacahuete, arroz aglutinado, alga de mar, soja, harina de trigo, az\u00facar, almid\u00f3n de tapioca y ma\u00edz y especies.<br \/>\n<strong>Uso:<\/strong> aperitivos, vermuts, picar entre horas, fiestas familiares y amigos.<br \/>\n<strong>Conservaci\u00f3n:<\/strong> Invierno (lugar seco, lejos de la luz solar), Verano (fresco o refrigerado y seco, lejos de la luz solar).<br \/>\nUna vez abierto, mantener bien cerrado y consumir preferentemente en una semana.<\/p>\n","protected":false},"excerpt":{"rendered":"<p class=\"p1\">El aperitivo oriental es un snack de diferentes formas, elaborado con arroz y cacahuete medianamente picante y tostaci\u00f3n al horno.<\/p>\n","protected":false},"featured_media":20233,"template":"","meta":[],"product_brand":[],"product_cat":[484,481],"product_tag":[],"class_list":{"0":"post-503390","1":"product","2":"type-product","3":"status-publish","4":"has-post-thumbnail","6":"product_cat-125-gr-100-gr-es-6","7":"product_cat-salados-aperitivos","9":"first","10":"instock","11":"shipping-taxable","12":"product-type-simple","13":"layout-style-2","14":"col-md-4 col-sm-4 col-xs-6","15":"col-lg-3","16":"product-style-quickview"},"_links":{"self":[{"href":"https:\/\/fruitssecstorra.com\/shop\/wp-json\/wp\/v2\/product\/503390","targetHints":{"allow":["GET"]}}],"collection":[{"href":"https:\/\/fruitssecstorra.com\/shop\/wp-json\/wp\/v2\/product"}],"about":[{"href":"https:\/\/fruitssecstorra.com\/shop\/wp-json\/wp\/v2\/types\/product"}],"wp:featuredmedia":[{"embeddable":true,"href":"https:\/\/fruitssecstorra.com\/shop\/wp-json\/wp\/v2\/media\/20233"}],"wp:attachment":[{"href":"https:\/\/fruitssecstorra.com\/shop\/wp-json\/wp\/v2\/media?parent=503390"}],"wp:term":[{"taxonomy":"product_brand","embeddable":true,"href":"https:\/\/fruitssecstorra.com\/shop\/wp-json\/wp\/v2\/product_brand?post=503390"},{"taxonomy":"product_cat","embeddable":true,"href":"https:\/\/fruitssecstorra.com\/shop\/wp-json\/wp\/v2\/product_cat?post=503390"},{"taxonomy":"product_tag","embeddable":true,"href":"https:\/\/fruitssecstorra.com\/shop\/wp-json\/wp\/v2\/product_tag?post=503390"}],"curies":[{"name":"wp","href":"https:\/\/api.w.org\/{rel}","templated":true}]}}