{"id":503461,"date":"2024-03-14T10:34:18","date_gmt":"2024-03-14T10:34:18","guid":{"rendered":"https:\/\/clone.salutianuts.com\/?post_type=product&#038;p=503461"},"modified":"2026-05-05T10:43:28","modified_gmt":"2026-05-05T10:43:28","slug":"coco-rallado-500-gr","status":"publish","type":"product","link":"https:\/\/fruitssecstorra.com\/shop\/producte\/coco-rallado-500-gr\/","title":{"rendered":"Coco rallado 500 gr."},"content":{"rendered":"<p>Coco rallado natural seleccionado y envasado.<\/p>\n<p><strong>Ingredientes: <\/strong>coco rallado.<br \/>\n<strong>Uso:<\/strong> elaboraci\u00f3n de pasteles y pastas secas, galletas; elaboraci\u00f3n en reposter\u00eda ejemplo: panellets.<br \/>\n<strong>Conservaci\u00f3n:<\/strong> Invierno (lugar seco, lejos de la luz solar), Verano (fresco o refrigerado y seco, lejos de la luz solar).<br \/>\nUna vez abierto, mantener bien cerrado y consumir preferentemente en una semana.<\/p>\n","protected":false},"excerpt":{"rendered":"<p class=\"p1\"><span class=\"s1\">Coco rallado natural seleccionado y envasado.<\/span><\/p>\n","protected":false},"featured_media":13933,"template":"","meta":[],"product_brand":[],"product_cat":[471,464],"product_tag":[],"class_list":{"0":"post-503461","1":"product","2":"type-product","3":"status-publish","4":"has-post-thumbnail","6":"product_cat-500-gr-es-2","7":"product_cat-fruta-deshidratada-desecada","9":"first","10":"instock","11":"shipping-taxable","12":"purchasable","13":"product-type-simple","14":"layout-style-2","15":"col-md-4 col-sm-4 col-xs-6","16":"col-lg-3","17":"product-style-quickview"},"_links":{"self":[{"href":"https:\/\/fruitssecstorra.com\/shop\/wp-json\/wp\/v2\/product\/503461","targetHints":{"allow":["GET"]}}],"collection":[{"href":"https:\/\/fruitssecstorra.com\/shop\/wp-json\/wp\/v2\/product"}],"about":[{"href":"https:\/\/fruitssecstorra.com\/shop\/wp-json\/wp\/v2\/types\/product"}],"wp:featuredmedia":[{"embeddable":true,"href":"https:\/\/fruitssecstorra.com\/shop\/wp-json\/wp\/v2\/media\/13933"}],"wp:attachment":[{"href":"https:\/\/fruitssecstorra.com\/shop\/wp-json\/wp\/v2\/media?parent=503461"}],"wp:term":[{"taxonomy":"product_brand","embeddable":true,"href":"https:\/\/fruitssecstorra.com\/shop\/wp-json\/wp\/v2\/product_brand?post=503461"},{"taxonomy":"product_cat","embeddable":true,"href":"https:\/\/fruitssecstorra.com\/shop\/wp-json\/wp\/v2\/product_cat?post=503461"},{"taxonomy":"product_tag","embeddable":true,"href":"https:\/\/fruitssecstorra.com\/shop\/wp-json\/wp\/v2\/product_tag?post=503461"}],"curies":[{"name":"wp","href":"https:\/\/api.w.org\/{rel}","templated":true}]}}