{"id":503485,"date":"2024-03-14T10:34:06","date_gmt":"2024-03-14T10:34:06","guid":{"rendered":"https:\/\/clone.salutianuts.com\/?post_type=product&#038;p=503485"},"modified":"2026-05-05T14:01:39","modified_gmt":"2026-05-05T14:01:39","slug":"grano-avellana-caramelizada-1-kg","status":"publish","type":"product","link":"https:\/\/fruitssecstorra.com\/shop\/producte\/grano-avellana-caramelizada-1-kg\/","title":{"rendered":"Grano de avellana caramelizada1 kg."},"content":{"rendered":"<p>Grano de avellana caramelizada de forma artesanal, sin ingredientes a\u00f1adidos, avellana y fuego.<\/p>\n<p><strong>Ingredientes:<\/strong>grano de avellana piel y az\u00facar.<br \/>\n<strong>Uso:<\/strong> acompa\u00f1amiento en platos, condimento en restauraci\u00f3n, pasteler\u00eda-reposter\u00eda y condimento en helader\u00edas y chocolater\u00edas.<br \/>\n<strong>Conservaci\u00f3n:<\/strong> Invierno (lugar seco, lejos de la luz solar), Verano (fresco o refrigerado y seco, lejos de la luz solar).<br \/>\nUna vez abierto, mantener muy cerrado y consumir preferentemente en una semana.<\/p>\n","protected":false},"excerpt":{"rendered":"<p class=\"p1\"><span class=\"s1\">Grano de avellana caramelizada de forma artesanal, sin ingredientes a\u00f1adidos, avellana y fuego.<\/span><\/p>\n","protected":false},"featured_media":14062,"template":"","meta":[],"product_brand":[],"product_cat":[445,458],"product_tag":[],"class_list":{"0":"post-503485","1":"product","2":"type-product","3":"status-publish","4":"has-post-thumbnail","6":"product_cat-1-kg-es","7":"product_cat-caramelizados","9":"first","10":"outofstock","11":"shipping-taxable","12":"product-type-simple","13":"layout-style-2","14":"col-md-4 col-sm-4 col-xs-6","15":"col-lg-3","16":"product-style-quickview"},"_links":{"self":[{"href":"https:\/\/fruitssecstorra.com\/shop\/wp-json\/wp\/v2\/product\/503485","targetHints":{"allow":["GET"]}}],"collection":[{"href":"https:\/\/fruitssecstorra.com\/shop\/wp-json\/wp\/v2\/product"}],"about":[{"href":"https:\/\/fruitssecstorra.com\/shop\/wp-json\/wp\/v2\/types\/product"}],"wp:featuredmedia":[{"embeddable":true,"href":"https:\/\/fruitssecstorra.com\/shop\/wp-json\/wp\/v2\/media\/14062"}],"wp:attachment":[{"href":"https:\/\/fruitssecstorra.com\/shop\/wp-json\/wp\/v2\/media?parent=503485"}],"wp:term":[{"taxonomy":"product_brand","embeddable":true,"href":"https:\/\/fruitssecstorra.com\/shop\/wp-json\/wp\/v2\/product_brand?post=503485"},{"taxonomy":"product_cat","embeddable":true,"href":"https:\/\/fruitssecstorra.com\/shop\/wp-json\/wp\/v2\/product_cat?post=503485"},{"taxonomy":"product_tag","embeddable":true,"href":"https:\/\/fruitssecstorra.com\/shop\/wp-json\/wp\/v2\/product_tag?post=503485"}],"curies":[{"name":"wp","href":"https:\/\/api.w.org\/{rel}","templated":true}]}}