{"id":503586,"date":"2024-03-14T10:33:12","date_gmt":"2024-03-14T10:33:12","guid":{"rendered":"https:\/\/clone.salutianuts.com\/?post_type=product&#038;p=503586"},"modified":"2026-05-05T13:50:27","modified_gmt":"2026-05-05T13:50:27","slug":"almendra-cruda-palito-500-gr","status":"publish","type":"product","link":"https:\/\/fruitssecstorra.com\/shop\/producte\/almendra-cruda-palito-500-gr\/","title":{"rendered":"Almendra cruda palito 500 gr."},"content":{"rendered":"<p>Palito de almendra cruda repelada, de variedades como marcona, belona o guara elegido, seleccionado y envasado.<\/p>\n<p><strong>Ingredientse:<\/strong>almendra repelada.<br \/>\n<strong>Uso:<\/strong> condimentos para cocinar, pescados y carnes, elaboraci\u00f3n de pasteles y pastas secas, elaboraci\u00f3n en reposter\u00eda ejemplo: panellets y para obradores de pasteler\u00edas.<br \/>\n<strong>Conservaci\u00f3n:<\/strong> Invierno (lugar seco, lejos de la luz solar), Verano (fresco o refrigerado y seco, lejos de la luz solar).<br \/>\nUna vez abierto, mantener bien cerrado y consumir preferentemente en una semana.<\/p>\n","protected":false},"excerpt":{"rendered":"<p class=\"p1\"><span class=\"s1\">Palito de almendra cruda repelada, de variedades como marcona, belona o guara elegido, seleccionado y envasado.<\/span><\/p>\n","protected":false},"featured_media":14545,"template":"","meta":[],"product_brand":[],"product_cat":[457,451],"product_tag":[],"class_list":{"0":"post-503586","1":"product","2":"type-product","3":"status-publish","4":"has-post-thumbnail","6":"product_cat-500-gr-es","7":"product_cat-crudos","9":"first","10":"instock","11":"shipping-taxable","12":"purchasable","13":"product-type-simple","14":"layout-style-2","15":"col-md-4 col-sm-4 col-xs-6","16":"col-lg-3","17":"product-style-quickview"},"_links":{"self":[{"href":"https:\/\/fruitssecstorra.com\/shop\/wp-json\/wp\/v2\/product\/503586","targetHints":{"allow":["GET"]}}],"collection":[{"href":"https:\/\/fruitssecstorra.com\/shop\/wp-json\/wp\/v2\/product"}],"about":[{"href":"https:\/\/fruitssecstorra.com\/shop\/wp-json\/wp\/v2\/types\/product"}],"wp:featuredmedia":[{"embeddable":true,"href":"https:\/\/fruitssecstorra.com\/shop\/wp-json\/wp\/v2\/media\/14545"}],"wp:attachment":[{"href":"https:\/\/fruitssecstorra.com\/shop\/wp-json\/wp\/v2\/media?parent=503586"}],"wp:term":[{"taxonomy":"product_brand","embeddable":true,"href":"https:\/\/fruitssecstorra.com\/shop\/wp-json\/wp\/v2\/product_brand?post=503586"},{"taxonomy":"product_cat","embeddable":true,"href":"https:\/\/fruitssecstorra.com\/shop\/wp-json\/wp\/v2\/product_cat?post=503586"},{"taxonomy":"product_tag","embeddable":true,"href":"https:\/\/fruitssecstorra.com\/shop\/wp-json\/wp\/v2\/product_tag?post=503586"}],"curies":[{"name":"wp","href":"https:\/\/api.w.org\/{rel}","templated":true}]}}