{"id":503699,"date":"2024-03-14T10:32:10","date_gmt":"2024-03-14T10:32:10","guid":{"rendered":"https:\/\/clone.salutianuts.com\/?post_type=product&#038;p=503699"},"modified":"2026-05-05T13:49:52","modified_gmt":"2026-05-05T13:49:52","slug":"anacardo-con-sal-eco-cristal","status":"publish","type":"product","link":"https:\/\/fruitssecstorra.com\/shop\/producte\/anacardo-con-sal-eco-cristal\/","title":{"rendered":"Anacardo con sal ECO cristal"},"content":{"rendered":"<p>Anacardo ecol\u00f3gico fre\u00eddo con aceite vegetal ecol\u00f3gico de primera calidad, elaborado de forma totalmente artesanal, en tarro de cristal.<\/p>\n<p><strong>Ingredientes:<\/strong>anacardo en grano ecol\u00f3gico, aceite vegetal ecol\u00f3gico y sal.<br \/>\n<strong>Uso:<\/strong> aperitivos, vermuts, picar entre horas, fiestas familiares y amigos y detalle para regalar salud.<br \/>\n<strong>Conservaci\u00f3n:<\/strong> Invierno (lugar seco, lejos de la luz solar), Verano (fresco o refrigerado y seco, lejos de la luz solar).<br \/>\nUna vez abierto, mantener bien cerrado y consumir preferentemente en una semana.<\/p>\n","protected":false},"excerpt":{"rendered":"<p class=\"p1\"><span class=\"s1\">Anacardo ecol\u00f3gico fre\u00eddo con aceite vegetal ecol\u00f3gico de primera calidad, elaborado de forma totalmente artesanal, en tarro de cristal.<\/span><\/p>\n","protected":false},"featured_media":15142,"template":"","meta":[],"product_brand":[],"product_cat":[463,443],"product_tag":[],"class_list":{"0":"post-503699","1":"product","2":"type-product","3":"status-publish","4":"has-post-thumbnail","6":"product_cat-125-gr-100-gr-es-3","7":"product_cat-especiales","9":"first","10":"outofstock","11":"shipping-taxable","12":"purchasable","13":"product-type-simple","14":"layout-style-2","15":"col-md-4 col-sm-4 col-xs-6","16":"col-lg-3","17":"product-style-quickview"},"_links":{"self":[{"href":"https:\/\/fruitssecstorra.com\/shop\/wp-json\/wp\/v2\/product\/503699","targetHints":{"allow":["GET"]}}],"collection":[{"href":"https:\/\/fruitssecstorra.com\/shop\/wp-json\/wp\/v2\/product"}],"about":[{"href":"https:\/\/fruitssecstorra.com\/shop\/wp-json\/wp\/v2\/types\/product"}],"wp:featuredmedia":[{"embeddable":true,"href":"https:\/\/fruitssecstorra.com\/shop\/wp-json\/wp\/v2\/media\/15142"}],"wp:attachment":[{"href":"https:\/\/fruitssecstorra.com\/shop\/wp-json\/wp\/v2\/media?parent=503699"}],"wp:term":[{"taxonomy":"product_brand","embeddable":true,"href":"https:\/\/fruitssecstorra.com\/shop\/wp-json\/wp\/v2\/product_brand?post=503699"},{"taxonomy":"product_cat","embeddable":true,"href":"https:\/\/fruitssecstorra.com\/shop\/wp-json\/wp\/v2\/product_cat?post=503699"},{"taxonomy":"product_tag","embeddable":true,"href":"https:\/\/fruitssecstorra.com\/shop\/wp-json\/wp\/v2\/product_tag?post=503699"}],"curies":[{"name":"wp","href":"https:\/\/api.w.org\/{rel}","templated":true}]}}