{"id":8438,"date":"2024-03-14T10:32:11","date_gmt":"2024-03-14T10:32:11","guid":{"rendered":"https:\/\/clone.salutianuts.com\/?post_type=product&#038;p=8438"},"modified":"2026-04-29T12:26:10","modified_gmt":"2026-04-29T12:26:10","slug":"cacauet-salat-eco-vidre","status":"publish","type":"product","link":"https:\/\/fruitssecstorra.com\/shop\/producte\/cacauet-salat-eco-vidre\/","title":{"rendered":"Cacauet salat ECO vidre"},"content":{"rendered":"<p>Cacauet ecol\u00f2gic, fregit amb oli vegetal ecol\u00f2gic de primer\u00edssima qualitat, elaborat de forma totalment artesanal, envasat en pot de vidre.<\/p>\n<p><strong>Ingredients: <\/strong>cacauet en gra ecol\u00f2gic, oli vegetal ecol\u00f2gic i sal.<br \/>\n<strong>\u00das:<\/strong> aperitius, vermuts, picar entre hores, festes familiars i amics i detall per a regalar salut.<br \/>\n<strong>Conservaci\u00f3:<\/strong> Hivern (lloc sec, lluny de la llum solar), Estiu (fresc o refrigerat i sec, lluny de la llum solar).<br \/>\nUn cop obert, mantenir ben tancat i consumir preferentment en una setmana.<\/p>\n","protected":false},"excerpt":{"rendered":"<p class=\"p1\"><span class=\"s1\">Cacauet ecol\u00f2gic, fregit amb oli vegetal ecol\u00f2gic de primer\u00edssima qualitat, elaborat de forma totalment artesanal, envasat en pot de vidre.<\/span><\/p>\n","protected":false},"featured_media":15129,"template":"","meta":[],"product_brand":[],"product_cat":[441,438],"product_tag":[],"class_list":{"0":"post-8438","1":"product","2":"type-product","3":"status-publish","4":"has-post-thumbnail","6":"product_cat-125gr100gr-especials","7":"product_cat-especials","9":"first","10":"outofstock","11":"shipping-taxable","12":"purchasable","13":"product-type-simple","14":"layout-style-2","15":"col-md-4 col-sm-4 col-xs-6","16":"col-lg-3","17":"product-style-quickview"},"_links":{"self":[{"href":"https:\/\/fruitssecstorra.com\/shop\/wp-json\/wp\/v2\/product\/8438","targetHints":{"allow":["GET"]}}],"collection":[{"href":"https:\/\/fruitssecstorra.com\/shop\/wp-json\/wp\/v2\/product"}],"about":[{"href":"https:\/\/fruitssecstorra.com\/shop\/wp-json\/wp\/v2\/types\/product"}],"wp:featuredmedia":[{"embeddable":true,"href":"https:\/\/fruitssecstorra.com\/shop\/wp-json\/wp\/v2\/media\/15129"}],"wp:attachment":[{"href":"https:\/\/fruitssecstorra.com\/shop\/wp-json\/wp\/v2\/media?parent=8438"}],"wp:term":[{"taxonomy":"product_brand","embeddable":true,"href":"https:\/\/fruitssecstorra.com\/shop\/wp-json\/wp\/v2\/product_brand?post=8438"},{"taxonomy":"product_cat","embeddable":true,"href":"https:\/\/fruitssecstorra.com\/shop\/wp-json\/wp\/v2\/product_cat?post=8438"},{"taxonomy":"product_tag","embeddable":true,"href":"https:\/\/fruitssecstorra.com\/shop\/wp-json\/wp\/v2\/product_tag?post=8438"}],"curies":[{"name":"wp","href":"https:\/\/api.w.org\/{rel}","templated":true}]}}