{"id":9223,"date":"2024-03-14T10:33:42","date_gmt":"2024-03-14T10:33:42","guid":{"rendered":"https:\/\/clone.salutianuts.com\/?post_type=product&#038;p=9223"},"modified":"2026-05-03T16:44:41","modified_gmt":"2026-05-03T16:44:41","slug":"pinyo-xines-100-gr","status":"publish","type":"product","link":"https:\/\/fruitssecstorra.com\/shop\/producte\/pinyo-xines-100-gr\/","title":{"rendered":"Piny\u00f3 xin\u00e8s 100 gr."},"content":{"rendered":"<p>Piny\u00f3 de xina categoria i tamany 650\/700 triat, seleccionat i envasat.<\/p>\n<p><strong>Ingredients: <\/strong>piny\u00f3 en gra.<br \/>\n<strong>\u00das:<\/strong> picar saludablement, per cuina, rebosteria, adequat en dietes esportives i naturals i per pastisseria.<br \/>\n<strong>Conservaci\u00f3:<\/strong> Hivern (lloc sec, lluny de la llum solar), Estiu (fresc o refrigerat i sec, lluny de la llum solar).<br \/>\nUn cop obert, mantenir ben tancat i consumir preferentmwnt en una setmana.<\/p>\n","protected":false},"excerpt":{"rendered":"<p class=\"p1\"><span class=\"s1\">Piny\u00f3 de xina categoria i tamany 650\/700 triat, seleccionat i envasat.<\/span><\/p>\n","protected":false},"featured_media":14277,"template":"","meta":[],"product_brand":[],"product_cat":[417,414],"product_tag":[],"class_list":{"0":"post-9223","1":"product","2":"type-product","3":"status-publish","4":"has-post-thumbnail","6":"product_cat-125gr100gr-crus","7":"product_cat-crus","9":"first","10":"instock","11":"shipping-taxable","12":"product-type-simple","13":"layout-style-2","14":"col-md-4 col-sm-4 col-xs-6","15":"col-lg-3","16":"product-has-gallery","17":"product-style-quickview"},"_links":{"self":[{"href":"https:\/\/fruitssecstorra.com\/shop\/wp-json\/wp\/v2\/product\/9223","targetHints":{"allow":["GET"]}}],"collection":[{"href":"https:\/\/fruitssecstorra.com\/shop\/wp-json\/wp\/v2\/product"}],"about":[{"href":"https:\/\/fruitssecstorra.com\/shop\/wp-json\/wp\/v2\/types\/product"}],"wp:featuredmedia":[{"embeddable":true,"href":"https:\/\/fruitssecstorra.com\/shop\/wp-json\/wp\/v2\/media\/14277"}],"wp:attachment":[{"href":"https:\/\/fruitssecstorra.com\/shop\/wp-json\/wp\/v2\/media?parent=9223"}],"wp:term":[{"taxonomy":"product_brand","embeddable":true,"href":"https:\/\/fruitssecstorra.com\/shop\/wp-json\/wp\/v2\/product_brand?post=9223"},{"taxonomy":"product_cat","embeddable":true,"href":"https:\/\/fruitssecstorra.com\/shop\/wp-json\/wp\/v2\/product_cat?post=9223"},{"taxonomy":"product_tag","embeddable":true,"href":"https:\/\/fruitssecstorra.com\/shop\/wp-json\/wp\/v2\/product_tag?post=9223"}],"curies":[{"name":"wp","href":"https:\/\/api.w.org\/{rel}","templated":true}]}}