{"id":9406,"date":"2024-03-14T10:34:07","date_gmt":"2024-03-14T10:34:07","guid":{"rendered":"https:\/\/clone.salutianuts.com\/?post_type=product&#038;p=9406"},"modified":"2026-04-22T10:34:06","modified_gmt":"2026-04-22T10:34:06","slug":"macadamia-acaramelada-1-kg","status":"publish","type":"product","link":"https:\/\/fruitssecstorra.com\/shop\/producte\/macadamia-acaramelada-1-kg\/","title":{"rendered":"Macad\u00e0mia acaramelada  1 kg."},"content":{"rendered":"<p>Macad\u00e0mia repelada acaramelada, calibre STYL-1 acaramelada de forma artesanal, sense cap m\u00e9s ingredient afegit, macad\u00e0mia i foc.<\/p>\n<p><strong>Ingredients: <\/strong>gra de macad\u00e0mia repelada i sucre.<br \/>\n<strong>\u00das: <\/strong>picar entre hores, per postres i condiment en gelateries i xocolateries.<br \/>\n<strong>Conservaci\u00f3:<\/strong> Hivern (lloc sec, lluny de la llum solar), Estiu (fresc o refrigerat i sec, lluny de la llum solar).<br \/>\nUn cop obert, mantenir ben tancat i consumir preferentment en una setmana.<\/p>\n","protected":false},"excerpt":{"rendered":"<p class=\"p1\"><span class=\"s1\">Macad\u00e0mia repelada acaramelada, calibre STYL-1 acaramelada de forma artesanal, sense cap m\u00e9s ingredient afegit, macad\u00e0mia i foc.<\/span><\/p>\n","protected":false},"featured_media":14056,"template":"","meta":[],"product_brand":[],"product_cat":[427,426],"product_tag":[],"class_list":{"0":"post-9406","1":"product","2":"type-product","3":"status-publish","4":"has-post-thumbnail","6":"product_cat-1kg-acaramellats","7":"product_cat-acaramellats","9":"first","10":"outofstock","11":"shipping-taxable","12":"purchasable","13":"product-type-simple","14":"layout-style-2","15":"col-md-4 col-sm-4 col-xs-6","16":"col-lg-3","17":"product-style-quickview"},"_links":{"self":[{"href":"https:\/\/fruitssecstorra.com\/shop\/wp-json\/wp\/v2\/product\/9406","targetHints":{"allow":["GET"]}}],"collection":[{"href":"https:\/\/fruitssecstorra.com\/shop\/wp-json\/wp\/v2\/product"}],"about":[{"href":"https:\/\/fruitssecstorra.com\/shop\/wp-json\/wp\/v2\/types\/product"}],"wp:featuredmedia":[{"embeddable":true,"href":"https:\/\/fruitssecstorra.com\/shop\/wp-json\/wp\/v2\/media\/14056"}],"wp:attachment":[{"href":"https:\/\/fruitssecstorra.com\/shop\/wp-json\/wp\/v2\/media?parent=9406"}],"wp:term":[{"taxonomy":"product_brand","embeddable":true,"href":"https:\/\/fruitssecstorra.com\/shop\/wp-json\/wp\/v2\/product_brand?post=9406"},{"taxonomy":"product_cat","embeddable":true,"href":"https:\/\/fruitssecstorra.com\/shop\/wp-json\/wp\/v2\/product_cat?post=9406"},{"taxonomy":"product_tag","embeddable":true,"href":"https:\/\/fruitssecstorra.com\/shop\/wp-json\/wp\/v2\/product_tag?post=9406"}],"curies":[{"name":"wp","href":"https:\/\/api.w.org\/{rel}","templated":true}]}}